{"id":5425,"date":"2025-08-15T07:26:47","date_gmt":"2025-08-15T06:26:47","guid":{"rendered":"https:\/\/ecobeam.be\/?page_id=5425"},"modified":"2025-11-05T09:25:04","modified_gmt":"2025-11-05T08:25:04","slug":"industriele-batterijen-bess","status":"publish","type":"page","link":"https:\/\/ecobeam.be\/?page_id=5425","title":{"rendered":"Industri\u00eble batterijen &#8211; BESS systemen"},"content":{"rendered":"<h1>Energieopslag op maat van jouw bedrijf<\/h1>\n<p>Bij EcoBeam helpen we bedrijven hun energieverbruik te optimaliseren met slimme Battery Energy Storage Systems (BESS).<\/p>\n<p>\u00a0<\/p>\n<p>Deze industri\u00eble batterijsystemen slaan <strong>overtollige energie op, beperken piekverbruik, en verhogen je energieonafhankelijkheid<\/strong>.<\/p>\n<p>\u00a0<\/p>\n<p>Ideaal voor bedrijven met zonnepanelen, beperkte netcapaciteit of hoge stroompieken.<\/p>\n<h2>Wat is een BESS?<\/h2>\n<p>Een <strong>BESS (Battery Energy Storage System)<\/strong> is een slim energieopslagsysteem dat bestaat uit:<\/p>\n<p>\u00a0<\/p>\n<ul data-spread=\"false\">\n<li>\n<p><strong>Een industri\u00eble batterij<\/strong><\/p>\n<\/li>\n<li>\n<p><strong>Een inverter die stroom omzet tussen AC en DC<\/strong><\/p>\n<\/li>\n<li>\n<p><strong>Een stuursysteem voor optimaal energiebeheer<\/strong><\/p>\n<\/li>\n<\/ul>\n<p>\u00a0<\/p>\n<p>Het systeem wordt gekoppeld aan je netaansluiting en eventueel aan je zonnepanelen of laadinfrastructuur. Zo kan je energie opslaan wanneer ze goedkoop of overvloedig is, en gebruiken wanneer ze duur of schaars is.<\/p>\n<p>\t\t\t\t\t\t\t\t\t\t\t\t\t\t\t<img loading=\"lazy\" decoding=\"async\" width=\"800\" height=\"1015\" src=\"https:\/\/ecobeam.be\/wp-content\/uploads\/2025\/11\/bess1-807x1024.jpg\" alt=\"\" srcset=\"https:\/\/ecobeam.be\/wp-content\/uploads\/2025\/11\/bess1-807x1024.jpg 807w, https:\/\/ecobeam.be\/wp-content\/uploads\/2025\/11\/bess1-236x300.jpg 236w, https:\/\/ecobeam.be\/wp-content\/uploads\/2025\/11\/bess1-768x975.jpg 768w, https:\/\/ecobeam.be\/wp-content\/uploads\/2025\/11\/bess1-1210x1536.jpg 1210w, https:\/\/ecobeam.be\/wp-content\/uploads\/2025\/11\/bess1-1614x2048.jpg 1614w, https:\/\/ecobeam.be\/wp-content\/uploads\/2025\/11\/bess1-9x12.jpg 9w, https:\/\/ecobeam.be\/wp-content\/uploads\/2025\/11\/bess1.jpg 1822w\" sizes=\"auto, (max-width: 800px) 100vw, 800px\" \/><br \/>\n\t\t\t\t\t\t\t\t\t\t\t\t\t\t\t<img loading=\"lazy\" decoding=\"async\" width=\"768\" height=\"1024\" src=\"https:\/\/ecobeam.be\/wp-content\/uploads\/2025\/06\/IMG_3541-768x1024.jpg\" alt=\"\" srcset=\"https:\/\/ecobeam.be\/wp-content\/uploads\/2025\/06\/IMG_3541-768x1024.jpg 768w, https:\/\/ecobeam.be\/wp-content\/uploads\/2025\/06\/IMG_3541-225x300.jpg 225w, https:\/\/ecobeam.be\/wp-content\/uploads\/2025\/06\/IMG_3541-1152x1536.jpg 1152w, https:\/\/ecobeam.be\/wp-content\/uploads\/2025\/06\/IMG_3541-1536x2048.jpg 1536w, https:\/\/ecobeam.be\/wp-content\/uploads\/2025\/06\/IMG_3541-9x12.jpg 9w, https:\/\/ecobeam.be\/wp-content\/uploads\/2025\/06\/IMG_3541-scaled.jpg 1920w\" sizes=\"auto, (max-width: 768px) 100vw, 768px\" \/>\t\t\t\t\t\t\t\t\t\t\t\t\t\t\t<\/p>\n<h2>Waarom een industri\u00eble batterij laten installeren?<\/h2>\n<p>\t\t\t\t<svg aria-hidden=\"true\" viewBox=\"0 0 512 512\" xmlns=\"http:\/\/www.w3.org\/2000\/svg\"><path d=\"M256 8C119.033 8 8 119.033 8 256s111.033 248 248 248 248-111.033 248-248S392.967 8 256 8zm0 48c110.532 0 200 89.451 200 200 0 110.532-89.451 200-200 200-110.532 0-200-89.451-200-200 0-110.532 89.451-200 200-200m140.204 130.267l-22.536-22.718c-4.667-4.705-12.265-4.736-16.97-.068L215.346 303.697l-59.792-60.277c-4.667-4.705-12.265-4.736-16.97-.069l-22.719 22.536c-4.705 4.667-4.736 12.265-.068 16.971l90.781 91.516c4.667 4.705 12.265 4.736 16.97.068l172.589-171.204c4.704-4.668 4.734-12.266.067-16.971z\"><\/path><\/svg>\t\t\t\t<\/p>\n<h3>\n\t\t\t\t\t\t\tBeperk je piekverbruik<br \/>\n\t\t\t\t\t<\/h3>\n<p>\n\t\t\t\t\t\tVermijd capaciteitskosten\t\t\t\t\t<\/p>\n<p>\t\t\t\t<svg aria-hidden=\"true\" viewBox=\"0 0 512 512\" xmlns=\"http:\/\/www.w3.org\/2000\/svg\"><path d=\"M256 8C119.033 8 8 119.033 8 256s111.033 248 248 248 248-111.033 248-248S392.967 8 256 8zm0 48c110.532 0 200 89.451 200 200 0 110.532-89.451 200-200 200-110.532 0-200-89.451-200-200 0-110.532 89.451-200 200-200m140.204 130.267l-22.536-22.718c-4.667-4.705-12.265-4.736-16.97-.068L215.346 303.697l-59.792-60.277c-4.667-4.705-12.265-4.736-16.97-.069l-22.719 22.536c-4.705 4.667-4.736 12.265-.068 16.971l90.781 91.516c4.667 4.705 12.265 4.736 16.97.068l172.589-171.204c4.704-4.668 4.734-12.266.067-16.971z\"><\/path><\/svg>\t\t\t\t<\/p>\n<h3>\n\t\t\t\t\t\t\tVerbruik en benut meer eigen zonne-energie<br \/>\n\t\t\t\t\t<\/h3>\n<p>\n\t\t\t\t\t\tVerhoog je autoconsumptie\t\t\t\t\t<\/p>\n<p>\t\t\t\t<svg aria-hidden=\"true\" viewBox=\"0 0 512 512\" xmlns=\"http:\/\/www.w3.org\/2000\/svg\"><path d=\"M256 8C119.033 8 8 119.033 8 256s111.033 248 248 248 248-111.033 248-248S392.967 8 256 8zm0 48c110.532 0 200 89.451 200 200 0 110.532-89.451 200-200 200-110.532 0-200-89.451-200-200 0-110.532 89.451-200 200-200m140.204 130.267l-22.536-22.718c-4.667-4.705-12.265-4.736-16.97-.068L215.346 303.697l-59.792-60.277c-4.667-4.705-12.265-4.736-16.97-.069l-22.719 22.536c-4.705 4.667-4.736 12.265-.068 16.971l90.781 91.516c4.667 4.705 12.265 4.736 16.97.068l172.589-171.204c4.704-4.668 4.734-12.266.067-16.971z\"><\/path><\/svg>\t\t\t\t<\/p>\n<h3>\n\t\t\t\t\t\t\tLaad goedkoop op<br \/>\n\t\t\t\t\t<\/h3>\n<p>\n\t\t\t\t\t\tKoop stroom in tijdens daluren of op gratis momenten, en gebruik die wanneer de prijzen hoog zijn\t\t\t\t\t<\/p>\n<p>\t\t\t\t<svg aria-hidden=\"true\" viewBox=\"0 0 512 512\" xmlns=\"http:\/\/www.w3.org\/2000\/svg\"><path d=\"M256 8C119.033 8 8 119.033 8 256s111.033 248 248 248 248-111.033 248-248S392.967 8 256 8zm0 48c110.532 0 200 89.451 200 200 0 110.532-89.451 200-200 200-110.532 0-200-89.451-200-200 0-110.532 89.451-200 200-200m140.204 130.267l-22.536-22.718c-4.667-4.705-12.265-4.736-16.97-.068L215.346 303.697l-59.792-60.277c-4.667-4.705-12.265-4.736-16.97-.069l-22.719 22.536c-4.705 4.667-4.736 12.265-.068 16.971l90.781 91.516c4.667 4.705 12.265 4.736 16.97.068l172.589-171.204c4.704-4.668 4.734-12.266.067-16.971z\"><\/path><\/svg>\t\t\t\t<\/p>\n<h3>\n\t\t\t\t\t\t\tZorg voor netonlasting<br \/>\n\t\t\t\t\t<\/h3>\n<p>\n\t\t\t\t\t\tBelangrijk bij beperkte aansluiting\t\t\t\t\t<\/p>\n<p>\t\t\t\t<svg aria-hidden=\"true\" viewBox=\"0 0 512 512\" xmlns=\"http:\/\/www.w3.org\/2000\/svg\"><path d=\"M256 8C119.033 8 8 119.033 8 256s111.033 248 248 248 248-111.033 248-248S392.967 8 256 8zm0 48c110.532 0 200 89.451 200 200 0 110.532-89.451 200-200 200-110.532 0-200-89.451-200-200 0-110.532 89.451-200 200-200m140.204 130.267l-22.536-22.718c-4.667-4.705-12.265-4.736-16.97-.068L215.346 303.697l-59.792-60.277c-4.667-4.705-12.265-4.736-16.97-.069l-22.719 22.536c-4.705 4.667-4.736 12.265-.068 16.971l90.781 91.516c4.667 4.705 12.265 4.736 16.97.068l172.589-171.204c4.704-4.668 4.734-12.266.067-16.971z\"><\/path><\/svg>\t\t\t\t<\/p>\n<h3>\n\t\t\t\t\t\t\tBeveilig je processen<br \/>\n\t\t\t\t\t<\/h3>\n<p>\n\t\t\t\t\t\tBack-up bij stroomonderbreking\t\t\t\t\t<\/p>\n<p>\t\t\t\t\t<a role=\"button\"><br \/>\n\t\t\t\t<svg aria-hidden=\"true\" viewBox=\"0 0 256 512\" xmlns=\"http:\/\/www.w3.org\/2000\/svg\"><path d=\"M224.3 273l-136 136c-9.4 9.4-24.6 9.4-33.9 0l-22.6-22.6c-9.4-9.4-9.4-24.6 0-33.9l96.4-96.4-96.4-96.4c-9.4-9.4-9.4-24.6 0-33.9L54.3 103c9.4-9.4 24.6-9.4 33.9 0l136 136c9.5 9.4 9.5 24.6.1 34z\"><\/path><\/svg><br \/>\n\t\t\t\t\t\t\t\t\tKom in contact met ons<br \/>\n\t\t\t\t\t<\/a><\/p>\n<h2>Waarom kiezen voor Ecobeam?<\/h2>\n<p>Wij zijn jouw <strong>all-in partner voor slimme energieoplossingen<\/strong>. Van industri\u00eble LED-verlichting tot zonnepanelen, batterijsystemen (BESS), laadpalen en EMS. Wij brengen alles samen in \u00e9\u00e9n ge\u00efntegreerd concept.<\/p>\n<p>\u00a0<\/p>\n<p>Dankzij deze totaalaanpak zorgen we ervoor dat \u00e1l je systemen optimaal samenwerken:<\/p>\n<p>\u00a0<\/p>\n<p><strong>Je zonne-energie wordt maximaal benut, je batterij laadt op op de juiste momenten, je verlichting is zuinig en doordacht geplaatst, en je laadinfrastructuur draait mee in het geheel.<\/strong><\/p>\n<p>\t\t\t\t\t<a role=\"button\"><br \/>\n\t\t\t\t<svg aria-hidden=\"true\" viewBox=\"0 0 256 512\" xmlns=\"http:\/\/www.w3.org\/2000\/svg\"><path d=\"M224.3 273l-136 136c-9.4 9.4-24.6 9.4-33.9 0l-22.6-22.6c-9.4-9.4-9.4-24.6 0-33.9l96.4-96.4-96.4-96.4c-9.4-9.4-9.4-24.6 0-33.9L54.3 103c9.4-9.4 24.6-9.4 33.9 0l136 136c9.5 9.4 9.5 24.6.1 34z\"><\/path><\/svg><br \/>\n\t\t\t\t\t\t\t\t\tMeer informatie<br \/>\n\t\t\t\t\t<\/a><br \/>\n\t\t\t\t<svg aria-hidden=\"true\" viewBox=\"0 0 512 512\" xmlns=\"http:\/\/www.w3.org\/2000\/svg\"><path d=\"M504 256c0 136.967-111.033 248-248 248S8 392.967 8 256 119.033 8 256 8s248 111.033 248 248zM227.314 387.314l184-184c6.248-6.248 6.248-16.379 0-22.627l-22.627-22.627c-6.248-6.249-16.379-6.249-22.628 0L216 308.118l-70.059-70.059c-6.248-6.248-16.379-6.248-22.628 0l-22.627 22.627c-6.248 6.248-6.248 16.379 0 22.627l104 104c6.249 6.249 16.379 6.249 22.628.001z\"><\/path><\/svg>\t\t\t\t<\/p>\n<h3>\n\t\t\t\t\t\t\tExpertise in ge\u00efntegreerde energie-oplossingen<br \/>\n\t\t\t\t\t<\/h3>\n<p>\n\t\t\t\t\t\tVan verlichting en zonnepanelen tot batterijen en laadpalen: wij zorgen voor een doordacht geheel waarin alles perfect samenwerkt.\t\t\t\t\t<\/p>\n<p>\t\t\t\t<svg aria-hidden=\"true\" viewBox=\"0 0 512 512\" xmlns=\"http:\/\/www.w3.org\/2000\/svg\"><path d=\"M504 256c0 136.967-111.033 248-248 248S8 392.967 8 256 119.033 8 256 8s248 111.033 248 248zM227.314 387.314l184-184c6.248-6.248 6.248-16.379 0-22.627l-22.627-22.627c-6.248-6.249-16.379-6.249-22.628 0L216 308.118l-70.059-70.059c-6.248-6.248-16.379-6.248-22.628 0l-22.627 22.627c-6.248 6.248-6.248 16.379 0 22.627l104 104c6.249 6.249 16.379 6.249 22.628.001z\"><\/path><\/svg>\t\t\t\t<\/p>\n<h3>\n\t\t\t\t\t\t\tMaximale energiebesparing<br \/>\n\t\t\t\t\t<\/h3>\n<p>\n\t\t\t\t\t\tOnze LED-verlichting en EMS-aansturing helpen je <b>tot 70% energie te besparen<\/b> \u00e9n meer van je eigen zonne-energie te gebruiken.\t\t\t\t\t<\/p>\n<p>\t\t\t\t<svg aria-hidden=\"true\" viewBox=\"0 0 512 512\" xmlns=\"http:\/\/www.w3.org\/2000\/svg\"><path d=\"M504 256c0 136.967-111.033 248-248 248S8 392.967 8 256 119.033 8 256 8s248 111.033 248 248zM227.314 387.314l184-184c6.248-6.248 6.248-16.379 0-22.627l-22.627-22.627c-6.248-6.249-16.379-6.249-22.628 0L216 308.118l-70.059-70.059c-6.248-6.248-16.379-6.248-22.628 0l-22.627 22.627c-6.248 6.248-6.248 16.379 0 22.627l104 104c6.249 6.249 16.379 6.249 22.628.001z\"><\/path><\/svg>\t\t\t\t<\/p>\n<h3>\n\t\t\t\t\t\t\tVolledige ontzorging<br \/>\n\t\t\t\t\t<\/h3>\n<p>\n\t\t\t\t\t\tVan lichtstudie tot installatie, keuring en opvolging \u2013 wij nemen alles in handen zodat jij kan focussen op je bedrijf.\t\t\t\t\t<\/p>\n<p>\t\t\t\t<svg aria-hidden=\"true\" viewBox=\"0 0 512 512\" xmlns=\"http:\/\/www.w3.org\/2000\/svg\"><path d=\"M504 256c0 136.967-111.033 248-248 248S8 392.967 8 256 119.033 8 256 8s248 111.033 248 248zM227.314 387.314l184-184c6.248-6.248 6.248-16.379 0-22.627l-22.627-22.627c-6.248-6.249-16.379-6.249-22.628 0L216 308.118l-70.059-70.059c-6.248-6.248-16.379-6.248-22.628 0l-22.627 22.627c-6.248 6.248-6.248 16.379 0 22.627l104 104c6.249 6.249 16.379 6.249 22.628.001z\"><\/path><\/svg>\t\t\t\t<\/p>\n<h3>\n\t\t\t\t\t\t\tDuurzame kwaliteit<br \/>\n\t\t\t\t\t<\/h3>\n<p>\n\t\t\t\t\t\tWij installeren uitsluitend kwalitatieve materialen met een <b>lange levensduur en minimale onderhoudskosten<\/b>.\t\t\t\t\t<\/p>\n<p>\t\t\t\t<svg aria-hidden=\"true\" viewBox=\"0 0 512 512\" xmlns=\"http:\/\/www.w3.org\/2000\/svg\"><path d=\"M504 256c0 136.967-111.033 248-248 248S8 392.967 8 256 119.033 8 256 8s248 111.033 248 248zM227.314 387.314l184-184c6.248-6.248 6.248-16.379 0-22.627l-22.627-22.627c-6.248-6.249-16.379-6.249-22.628 0L216 308.118l-70.059-70.059c-6.248-6.248-16.379-6.248-22.628 0l-22.627 22.627c-6.248 6.248-6.248 16.379 0 22.627l104 104c6.249 6.249 16.379 6.249 22.628.001z\"><\/path><\/svg>\t\t\t\t<\/p>\n<h3>\n\t\t\t\t\t\t\tE\u00e9n partner, \u00e9\u00e9n aanspreekpunt<br \/>\n\t\t\t\t\t<\/h3>\n<p>\n\t\t\t\t\t\tGeen versnipperde leveranciers of technische misverstanden. EcoBeam co\u00f6rdineert alles onder \u00e9\u00e9n dak: sneller, effici\u00ebnter, beter.\t\t\t\t\t<\/p>\n<p>\t\t\t\t<svg aria-hidden=\"true\" viewBox=\"0 0 512 512\" xmlns=\"http:\/\/www.w3.org\/2000\/svg\"><path d=\"M504 256c0 136.967-111.033 248-248 248S8 392.967 8 256 119.033 8 256 8s248 111.033 248 248zM227.314 387.314l184-184c6.248-6.248 6.248-16.379 0-22.627l-22.627-22.627c-6.248-6.249-16.379-6.249-22.628 0L216 308.118l-70.059-70.059c-6.248-6.248-16.379-6.248-22.628 0l-22.627 22.627c-6.248 6.248-6.248 16.379 0 22.627l104 104c6.249 6.249 16.379 6.249 22.628.001z\"><\/path><\/svg>\t\t\t\t<\/p>\n<h3>\n\t\t\t\t\t\t\tFlexibele investeringsformules<br \/>\n\t\t\t\t\t<\/h3>\n<p>\n\t\t\t\t\t\tWe bieden ook <b>leasing, huur of spreiding<\/b> via third-party financiering. Zo hoef je niet meteen te investeren, maar profiteer je w\u00e9l van alle voordelen.\t\t\t\t\t<\/p>\n<h2>Klaar om slimmer om te gaan met energie?<\/h2>\n<h2>Wil je weten wat een BESS voor jouw bedrijf kan betekenen?<br \/>Laat ons jouw verbruiksdata bekijken en we maken een voorstel op maat.<\/h2>\n<p>\t\t\t\t\t<a href=\"https:\/\/ecobeam.be\/contacteer-ons\/\"><br \/>\n\t\t\t\t\t\t\t\t\tVraag je gratis analyse aan<br \/>\n\t\t\t\t\t<\/a><\/p>\n<h2>Kies voor Ecobeam en ervaar de zekerheid van topkwaliteit en duurzaamheid<\/h2>\n<h3>Neem contact met ons op\u00a0voor meer informatie.<\/h3>\n<p>\t\t\t\t\t<a role=\"button\"><br \/>\n\t\t\t\t<svg xmlns=\"http:\/\/www.w3.org\/2000\/svg\" width=\"24\" height=\"25\" viewBox=\"0 0 24 25\" fill=\"none\"><g id=\"arrow-right\"><path id=\"Vector\" d=\"M5 12.1138H19\" stroke=\"white\" stroke-width=\"2\" stroke-linecap=\"round\" stroke-linejoin=\"round\"><\/path><path id=\"Vector_2\" d=\"M12 5.11377L19 12.1138L12 19.1138\" stroke=\"white\" stroke-width=\"2\" stroke-linecap=\"round\" stroke-linejoin=\"round\"><\/path><\/g><\/svg><br \/>\n\t\t\t\t\t\t\t\t\tAfspraak maken<br \/>\n\t\t\t\t\t<\/a><\/p>\n<h2>Enkele van onze referenties in beeld &#8230;  <\/h2>\n<h2>Echte feedback, rechtstreeks uit de praktijk<\/h2>\n<p>\t\t\t\t\t<a href=\"#\"><br \/>\n\t\t\t\t<svg xmlns=\"http:\/\/www.w3.org\/2000\/svg\" width=\"24\" height=\"25\" viewBox=\"0 0 24 25\" fill=\"none\"><g id=\"arrow-right\"><path id=\"Vector\" d=\"M5 12.1138H19\" stroke=\"white\" stroke-width=\"2\" stroke-linecap=\"round\" stroke-linejoin=\"round\"><\/path><path id=\"Vector_2\" d=\"M12 5.11377L19 12.1138L12 19.1138\" stroke=\"white\" stroke-width=\"2\" stroke-linecap=\"round\" stroke-linejoin=\"round\"><\/path><\/g><\/svg><br \/>\n\t\t\t\t\t\t\t\t\tLees alle klantenervaringen<br \/>\n\t\t\t\t\t<\/a><\/p>\n","protected":false},"excerpt":{"rendered":"<p>Energieopslag op maat van jouw bedrijf Bij EcoBeam helpen we bedrijven hun energieverbruik te optimaliseren met slimme Battery Energy Storage Systems (BESS). \u00a0 Deze industri\u00eble batterijsystemen slaan overtollige energie op, beperken piekverbruik, en verhogen je energieonafhankelijkheid. \u00a0 Ideaal voor bedrijven met zonnepanelen, beperkte netcapaciteit of hoge stroompieken. Wat is een BESS? Een BESS (Battery Energy [&hellip;]<\/p>\n","protected":false},"author":1,"featured_media":5285,"parent":0,"menu_order":0,"comment_status":"closed","ping_status":"closed","template":"","meta":{"footnotes":""},"class_list":["post-5425","page","type-page","status-publish","has-post-thumbnail","hentry"],"_links":{"self":[{"href":"https:\/\/ecobeam.be\/index.php?rest_route=\/wp\/v2\/pages\/5425","targetHints":{"allow":["GET"]}}],"collection":[{"href":"https:\/\/ecobeam.be\/index.php?rest_route=\/wp\/v2\/pages"}],"about":[{"href":"https:\/\/ecobeam.be\/index.php?rest_route=\/wp\/v2\/types\/page"}],"author":[{"embeddable":true,"href":"https:\/\/ecobeam.be\/index.php?rest_route=\/wp\/v2\/users\/1"}],"replies":[{"embeddable":true,"href":"https:\/\/ecobeam.be\/index.php?rest_route=%2Fwp%2Fv2%2Fcomments&post=5425"}],"version-history":[{"count":41,"href":"https:\/\/ecobeam.be\/index.php?rest_route=\/wp\/v2\/pages\/5425\/revisions"}],"predecessor-version":[{"id":5522,"href":"https:\/\/ecobeam.be\/index.php?rest_route=\/wp\/v2\/pages\/5425\/revisions\/5522"}],"wp:featuredmedia":[{"embeddable":true,"href":"https:\/\/ecobeam.be\/index.php?rest_route=\/wp\/v2\/media\/5285"}],"wp:attachment":[{"href":"https:\/\/ecobeam.be\/index.php?rest_route=%2Fwp%2Fv2%2Fmedia&parent=5425"}],"curies":[{"name":"wp","href":"https:\/\/api.w.org\/{rel}","templated":true}]}}