{"id":2999,"date":"2024-10-01T10:39:12","date_gmt":"2024-10-01T09:39:12","guid":{"rendered":"https:\/\/ecobeam.be\/?page_id=2999"},"modified":"2024-10-01T11:59:32","modified_gmt":"2024-10-01T10:59:32","slug":"over-ons","status":"publish","type":"page","link":"https:\/\/ecobeam.be\/nl\/over-ons\/","title":{"rendered":"Over ons"},"content":{"rendered":"\t\t<div data-elementor-type=\"wp-page\" data-elementor-id=\"2999\" class=\"elementor elementor-2999\" data-elementor-post-type=\"page\">\n\t\t\t\t<div class=\"elementor-element elementor-element-430a5be e-con-full e-flex e-con e-child\" data-id=\"430a5be\" data-element_type=\"container\">\n\t\t\t\t<div class=\"elementor-element elementor-element-2968ba1 elementor-widget__width-inherit circle-heading elementor-widget elementor-widget-heading\" data-id=\"2968ba1\" data-element_type=\"widget\" data-widget_type=\"heading.default\">\n\t\t\t\t<div class=\"elementor-widget-container\">\n\t\t\t\t\t<h1 class=\"elementor-heading-title elementor-size-default\">Over <span>Ecobeam<\/span> <\/h1>\t\t\t\t<\/div>\n\t\t\t\t<\/div>\n\t\t\t\t<div class=\"elementor-element elementor-element-dcd6073 elementor-widget elementor-widget-image\" data-id=\"dcd6073\" data-element_type=\"widget\" data-widget_type=\"image.default\">\n\t\t\t\t<div class=\"elementor-widget-container\">\n\t\t\t\t\t\t\t\t\t\t\t\t\t\t\t<img decoding=\"async\" width=\"104\" height=\"5\" src=\"https:\/\/ecobeam.be\/wp-content\/uploads\/2024\/09\/Vector-30.svg\" class=\"attachment-large size-large wp-image-1287\" alt=\"\" \/>\t\t\t\t\t\t\t\t\t\t\t\t\t\t\t<\/div>\n\t\t\t\t<\/div>\n\t\t\t\t<\/div>\n\t\t<div class=\"elementor-element elementor-element-934bf92 e-flex e-con-boxed e-con e-parent\" data-id=\"934bf92\" data-element_type=\"container\" data-settings=\"{&quot;background_background&quot;:&quot;classic&quot;}\">\n\t\t\t\t\t<div class=\"e-con-inner\">\n\t\t<div class=\"elementor-element elementor-element-650644a e-con-full e-flex e-con e-child\" data-id=\"650644a\" data-element_type=\"container\">\n\t\t\t\t<div class=\"elementor-element elementor-element-cfc65f5 elementor-widget elementor-widget-heading\" data-id=\"cfc65f5\" data-element_type=\"widget\" data-widget_type=\"heading.default\">\n\t\t\t\t<div class=\"elementor-widget-container\">\n\t\t\t\t\t<h1 class=\"elementor-heading-title elementor-size-default\">Wie is <span>EcoBeam<\/span>?<\/h1>\t\t\t\t<\/div>\n\t\t\t\t<\/div>\n\t\t\t\t<div class=\"elementor-element elementor-element-930cef7 elementor-widget elementor-widget-text-editor\" data-id=\"930cef7\" data-element_type=\"widget\" data-widget_type=\"text-editor.default\">\n\t\t\t\t<div class=\"elementor-widget-container\">\n\t\t\t\t\t\t\t\t\t<p class=\"p1\">EcoBeam is een toonaangevend Belgisch bedrijf dat voortkomt uit de overname van Comdis Europe, een onderneming die in de afgelopen 12 jaar een sterke reputatie heeft opgebouwd in LED-verlichting en zonne-energie. We richten ons op het leveren van innovatieve en duurzame energieoplossingen voor de industri\u00eble en commerci\u00eble sector. Met de expertise en ervaring van Comdis Europe als fundament, is EcoBeam nu gepositioneerd om de markt verder te veroveren met geavanceerde technologie\u00ebn en een klantgerichte aanpak.<br><br><\/p>\n<p><\/p>\n<p class=\"p3\">De oorsprong van EcoBeam gaat terug tot de oprichting van Comdis Europe door Chris Proot. Onder zijn leiding groeide het bedrijf uit tot een erkende speler in de markt van energie-effici\u00ebntie. Na 12 succesvolle jaren besloot Chris de fakkel over te dragen aan de volgende generatie. Zijn zoon, Olivier Proot, die al tien jaar actief is binnen het bedrijf, nam samen met vennoot Raf Verhaegen de leiding over. Hun gecombineerde visie en ervaring vormen de drijvende kracht achter de transformatie van Comdis Europe naar EcoBeam, met een hernieuwde focus op innovatie en duurzaamheid.<\/p>\t\t\t\t\t\t\t\t<\/div>\n\t\t\t\t<\/div>\n\t\t\t\t<\/div>\n\t\t\t\t\t<\/div>\n\t\t\t\t<\/div>\n\t\t<div class=\"elementor-element elementor-element-aa473c4 e-flex e-con-boxed e-con e-parent\" data-id=\"aa473c4\" data-element_type=\"container\">\n\t\t\t\t\t<div class=\"e-con-inner\">\n\t\t\t\t<div class=\"elementor-element elementor-element-9190307 elementor-widget elementor-widget-heading\" data-id=\"9190307\" data-element_type=\"widget\" data-widget_type=\"heading.default\">\n\t\t\t\t<div class=\"elementor-widget-container\">\n\t\t\t\t\t<h1 class=\"elementor-heading-title elementor-size-default\">Ons werkgebied<\/h1>\t\t\t\t<\/div>\n\t\t\t\t<\/div>\n\t\t\t\t<div class=\"elementor-element elementor-element-73c2b69 elementor-widget elementor-widget-text-editor\" data-id=\"73c2b69\" data-element_type=\"widget\" data-widget_type=\"text-editor.default\">\n\t\t\t\t<div class=\"elementor-widget-container\">\n\t\t\t\t\t\t\t\t\t<p class=\"p1\">EcoBeam bedient klanten in heel Belgi\u00eb, met een sterke focus op Vlaanderen. Onze projecten vari\u00ebren van kleine commerci\u00eble installaties tot grootschalige industri\u00eble projecten. We zijn er trots op dat we in alle regio&#8217;s van het land aanwezig zijn en dat we een betrouwbaar partner zijn voor bedrijven die streven naar duurzame oplossingen.<\/p>\t\t\t\t\t\t\t\t<\/div>\n\t\t\t\t<\/div>\n\t\t\t\t\t<\/div>\n\t\t\t\t<\/div>\n\t\t<div class=\"elementor-element elementor-element-cb96e77 e-flex e-con-boxed e-con e-parent\" data-id=\"cb96e77\" data-element_type=\"container\">\n\t\t\t\t\t<div class=\"e-con-inner\">\n\t\t\t\t<div class=\"elementor-element elementor-element-d4e0b0b elementor-widget elementor-widget-heading\" data-id=\"d4e0b0b\" data-element_type=\"widget\" data-widget_type=\"heading.default\">\n\t\t\t\t<div class=\"elementor-widget-container\">\n\t\t\t\t\t<h1 class=\"elementor-heading-title elementor-size-default\">Onze visie<\/h1>\t\t\t\t<\/div>\n\t\t\t\t<\/div>\n\t\t\t\t<div class=\"elementor-element elementor-element-882f7f2 elementor-widget elementor-widget-text-editor\" data-id=\"882f7f2\" data-element_type=\"widget\" data-widget_type=\"text-editor.default\">\n\t\t\t\t<div class=\"elementor-widget-container\">\n\t\t\t\t\t\t\t\t\t<p class=\"p2\">Bij EcoBeam geloven we in een toekomst waarin duurzaamheid en effici\u00ebntie centraal staan. Onze visie is eenvoudig: we willen bedrijven helpen hun ecologische voetafdruk te verkleinen door hen te voorzien van de beste energieoplossingen op de markt. Onze aanpak begint met het verminderen van energieverbruik door de installatie van slimme, energie-effici\u00ebnte LED-verlichtingssystemen. Vervolgens helpen we bedrijven hun resterende energiebehoefte te dekken door middel van hernieuwbare energie, zoals lichtgewicht zonnepanelen. Door deze aanpak zorgen we ervoor dat bedrijven niet alleen hun energiekosten verlagen, maar ook bijdragen aan een duurzamere wereld.<\/p>\t\t\t\t\t\t\t\t<\/div>\n\t\t\t\t<\/div>\n\t\t\t\t\t<\/div>\n\t\t\t\t<\/div>\n\t\t<div class=\"elementor-element elementor-element-163da9d e-flex e-con-boxed e-con e-parent\" data-id=\"163da9d\" data-element_type=\"container\">\n\t\t\t\t\t<div class=\"e-con-inner\">\n\t\t<div class=\"elementor-element elementor-element-0a1c72b e-con-full e-flex e-con e-child\" data-id=\"0a1c72b\" data-element_type=\"container\" data-settings=\"{&quot;background_background&quot;:&quot;classic&quot;}\">\n\t\t\t\t<div class=\"elementor-element elementor-element-3a3940e yellow-heading elementor-widget__width-initial elementor-widget elementor-widget-heading\" data-id=\"3a3940e\" data-element_type=\"widget\" data-widget_type=\"heading.default\">\n\t\t\t\t<div class=\"elementor-widget-container\">\n\t\t\t\t\t<h2 class=\"elementor-heading-title elementor-size-default\">Waarom kiezen klanten <span>voor EcoBeam?<\/span><\/h2>\t\t\t\t<\/div>\n\t\t\t\t<\/div>\n\t\t\t\t<div class=\"elementor-element elementor-element-33b07b5 elementor-widget elementor-widget-text-editor\" data-id=\"33b07b5\" data-element_type=\"widget\" data-widget_type=\"text-editor.default\">\n\t\t\t\t<div class=\"elementor-widget-container\">\n\t\t\t\t\t\t\t\t\t<p class=\"p1\">Klanten kiezen voor EcoBeam omdat we meer bieden dan alleen producten; <b>we bieden oplossingen<\/b>. Onze klanten waarderen onze diepgaande kennis van de sector, onze focus op kwaliteit en onze toewijding aan duurzaamheid. We begrijpen dat bedrijven op zoek zijn naar partners die betrouwbaar zijn, en die hen volledig kunnen ontzorgen. EcoBeam is die partner. We leveren maatwerkoplossingen die niet alleen voldoen aan de huidige behoeften van onze klanten, maar die ook anticiperen op toekomstige ontwikkelingen. Door te kiezen voor EcoBeam, kiezen bedrijven voor een duurzame en toekomstgerichte partner.<\/p>\t\t\t\t\t\t\t\t<\/div>\n\t\t\t\t<\/div>\n\t\t\t\t<div class=\"elementor-element elementor-element-0329f46 elementor-widget elementor-widget-heading\" data-id=\"0329f46\" data-element_type=\"widget\" data-widget_type=\"heading.default\">\n\t\t\t\t<div class=\"elementor-widget-container\">\n\t\t\t\t\t<h3 class=\"elementor-heading-title elementor-size-default\">Neem contact met ons op\u00a0voor meer informatie.<\/h3>\t\t\t\t<\/div>\n\t\t\t\t<\/div>\n\t\t\t\t<div class=\"elementor-element elementor-element-e3cd5bb elementor-align-justify elementor-mobile-align-center elementor-widget__width-initial elementor-widget elementor-widget-button\" data-id=\"e3cd5bb\" data-element_type=\"widget\" data-widget_type=\"button.default\">\n\t\t\t\t<div class=\"elementor-widget-container\">\n\t\t\t\t\t\t\t\t\t<div class=\"elementor-button-wrapper\">\n\t\t\t\t\t<a class=\"elementor-button elementor-button-link elementor-size-sm\" href=\"https:\/\/ecobeam.be\/nl\/contacteer-ons\/\">\n\t\t\t\t\t\t<span class=\"elementor-button-content-wrapper\">\n\t\t\t\t\t\t<span class=\"elementor-button-icon\">\n\t\t\t\t<svg xmlns=\"http:\/\/www.w3.org\/2000\/svg\" width=\"24\" height=\"25\" viewBox=\"0 0 24 25\" fill=\"none\"><g id=\"arrow-right\"><path id=\"Vector\" d=\"M5 12.1138H19\" stroke=\"white\" stroke-width=\"2\" stroke-linecap=\"round\" stroke-linejoin=\"round\"><\/path><path id=\"Vector_2\" d=\"M12 5.11377L19 12.1138L12 19.1138\" stroke=\"white\" stroke-width=\"2\" stroke-linecap=\"round\" stroke-linejoin=\"round\"><\/path><\/g><\/svg>\t\t\t<\/span>\n\t\t\t\t\t\t\t\t\t<span class=\"elementor-button-text\">Afspraak maken<\/span>\n\t\t\t\t\t<\/span>\n\t\t\t\t\t<\/a>\n\t\t\t\t<\/div>\n\t\t\t\t\t\t\t\t<\/div>\n\t\t\t\t<\/div>\n\t\t\t\t<\/div>\n\t\t\t\t\t<\/div>\n\t\t\t\t<\/div>\n\t\t\t\t<\/div>\n\t\t","protected":false},"excerpt":{"rendered":"<p>Over Ecobeam Wie is EcoBeam? EcoBeam is een toonaangevend Belgisch bedrijf dat voortkomt uit de overname van Comdis Europe, een onderneming die in de afgelopen 12 jaar een sterke reputatie heeft opgebouwd in LED-verlichting en zonne-energie. We richten ons op het leveren van innovatieve en duurzame energieoplossingen voor de industri\u00eble en commerci\u00eble sector. Met de [&hellip;]<\/p>\n","protected":false},"author":1,"featured_media":0,"parent":0,"menu_order":0,"comment_status":"closed","ping_status":"closed","template":"","meta":{"_acf_changed":false,"footnotes":""},"class_list":["post-2999","page","type-page","status-publish","hentry"],"acf":[],"yoast_head":"<!-- This site is optimized with the Yoast SEO Premium plugin v27.2 (Yoast SEO v27.3) - https:\/\/yoast.com\/product\/yoast-seo-premium-wordpress\/ -->\n<title>Over ons - EcoBeam<\/title>\n<meta name=\"robots\" content=\"index, follow, max-snippet:-1, max-image-preview:large, max-video-preview:-1\" \/>\n<link rel=\"canonical\" href=\"https:\/\/ecobeam.be\/nl\/over-ons\/\" \/>\n<meta property=\"og:locale\" content=\"nl_NL\" \/>\n<meta property=\"og:type\" content=\"article\" \/>\n<meta property=\"og:title\" content=\"Over ons\" \/>\n<meta property=\"og:description\" content=\"Over Ecobeam Wie is EcoBeam? EcoBeam is een toonaangevend Belgisch bedrijf dat voortkomt uit de overname van Comdis Europe, een onderneming die in de afgelopen 12 jaar een sterke reputatie heeft opgebouwd in LED-verlichting en zonne-energie. We richten ons op het leveren van innovatieve en duurzame energieoplossingen voor de industri\u00eble en commerci\u00eble sector. Met de [&hellip;]\" \/>\n<meta property=\"og:url\" content=\"https:\/\/ecobeam.be\/nl\/over-ons\/\" \/>\n<meta property=\"og:site_name\" content=\"EcoBeam\" \/>\n<meta property=\"article:modified_time\" content=\"2024-10-01T10:59:32+00:00\" \/>\n<meta property=\"og:image\" content=\"https:\/\/ecobeam.be\/wp-content\/uploads\/2024\/09\/Vector-30.svg\" \/>\n<meta name=\"twitter:card\" content=\"summary_large_image\" \/>\n<meta name=\"twitter:label1\" content=\"Verwachte leestijd\" \/>\n\t<meta name=\"twitter:data1\" content=\"3 minuten\" \/>\n<script type=\"application\/ld+json\" class=\"yoast-schema-graph\">{\"@context\":\"https:\\\/\\\/schema.org\",\"@graph\":[{\"@type\":\"WebPage\",\"@id\":\"https:\\\/\\\/ecobeam.be\\\/over-ons\\\/\",\"url\":\"https:\\\/\\\/ecobeam.be\\\/over-ons\\\/\",\"name\":\"Over ons - EcoBeam\",\"isPartOf\":{\"@id\":\"https:\\\/\\\/ecobeam.be\\\/en\\\/#website\"},\"primaryImageOfPage\":{\"@id\":\"https:\\\/\\\/ecobeam.be\\\/over-ons\\\/#primaryimage\"},\"image\":{\"@id\":\"https:\\\/\\\/ecobeam.be\\\/over-ons\\\/#primaryimage\"},\"thumbnailUrl\":\"https:\\\/\\\/ecobeam.be\\\/wp-content\\\/uploads\\\/2024\\\/09\\\/Vector-30.svg\",\"datePublished\":\"2024-10-01T09:39:12+00:00\",\"dateModified\":\"2024-10-01T10:59:32+00:00\",\"breadcrumb\":{\"@id\":\"https:\\\/\\\/ecobeam.be\\\/over-ons\\\/#breadcrumb\"},\"inLanguage\":\"nl-NL\",\"potentialAction\":[{\"@type\":\"ReadAction\",\"target\":[\"https:\\\/\\\/ecobeam.be\\\/over-ons\\\/\"]}]},{\"@type\":\"ImageObject\",\"inLanguage\":\"nl-NL\",\"@id\":\"https:\\\/\\\/ecobeam.be\\\/over-ons\\\/#primaryimage\",\"url\":\"https:\\\/\\\/ecobeam.be\\\/wp-content\\\/uploads\\\/2024\\\/09\\\/Vector-30.svg\",\"contentUrl\":\"https:\\\/\\\/ecobeam.be\\\/wp-content\\\/uploads\\\/2024\\\/09\\\/Vector-30.svg\"},{\"@type\":\"BreadcrumbList\",\"@id\":\"https:\\\/\\\/ecobeam.be\\\/over-ons\\\/#breadcrumb\",\"itemListElement\":[{\"@type\":\"ListItem\",\"position\":1,\"name\":\"Home\",\"item\":\"https:\\\/\\\/ecobeam.be\\\/\"},{\"@type\":\"ListItem\",\"position\":2,\"name\":\"Over ons\"}]},{\"@type\":\"WebSite\",\"@id\":\"https:\\\/\\\/ecobeam.be\\\/en\\\/#website\",\"url\":\"https:\\\/\\\/ecobeam.be\\\/en\\\/\",\"name\":\"EcoBeam\",\"description\":\"Energiebesparende oplossing voor jouw organisatie\",\"publisher\":{\"@id\":\"https:\\\/\\\/ecobeam.be\\\/en\\\/#organization\"},\"potentialAction\":[{\"@type\":\"SearchAction\",\"target\":{\"@type\":\"EntryPoint\",\"urlTemplate\":\"https:\\\/\\\/ecobeam.be\\\/en\\\/?s={search_term_string}\"},\"query-input\":{\"@type\":\"PropertyValueSpecification\",\"valueRequired\":true,\"valueName\":\"search_term_string\"}}],\"inLanguage\":\"nl-NL\"},{\"@type\":\"Organization\",\"@id\":\"https:\\\/\\\/ecobeam.be\\\/en\\\/#organization\",\"name\":\"EcoBeam\",\"url\":\"https:\\\/\\\/ecobeam.be\\\/en\\\/\",\"logo\":{\"@type\":\"ImageObject\",\"inLanguage\":\"nl-NL\",\"@id\":\"https:\\\/\\\/ecobeam.be\\\/en\\\/#\\\/schema\\\/logo\\\/image\\\/\",\"url\":\"https:\\\/\\\/ecobeam.be\\\/wp-content\\\/uploads\\\/2024\\\/09\\\/Laag-1.svg\",\"contentUrl\":\"https:\\\/\\\/ecobeam.be\\\/wp-content\\\/uploads\\\/2024\\\/09\\\/Laag-1.svg\",\"width\":192,\"height\":38,\"caption\":\"EcoBeam\"},\"image\":{\"@id\":\"https:\\\/\\\/ecobeam.be\\\/en\\\/#\\\/schema\\\/logo\\\/image\\\/\"},\"sameAs\":[\"https:\\\/\\\/www.linkedin.com\\\/company\\\/ecobeam\"]}]}<\/script>\n<!-- \/ Yoast SEO Premium plugin. -->","yoast_head_json":{"title":"Over ons - EcoBeam","robots":{"index":"index","follow":"follow","max-snippet":"max-snippet:-1","max-image-preview":"max-image-preview:large","max-video-preview":"max-video-preview:-1"},"canonical":"https:\/\/ecobeam.be\/nl\/over-ons\/","og_locale":"nl_NL","og_type":"article","og_title":"Over ons","og_description":"Over Ecobeam Wie is EcoBeam? EcoBeam is een toonaangevend Belgisch bedrijf dat voortkomt uit de overname van Comdis Europe, een onderneming die in de afgelopen 12 jaar een sterke reputatie heeft opgebouwd in LED-verlichting en zonne-energie. We richten ons op het leveren van innovatieve en duurzame energieoplossingen voor de industri\u00eble en commerci\u00eble sector. Met de [&hellip;]","og_url":"https:\/\/ecobeam.be\/nl\/over-ons\/","og_site_name":"EcoBeam","article_modified_time":"2024-10-01T10:59:32+00:00","og_image":[{"url":"https:\/\/ecobeam.be\/wp-content\/uploads\/2024\/09\/Vector-30.svg","type":"","width":"","height":""}],"twitter_card":"summary_large_image","twitter_misc":{"Verwachte leestijd":"3 minuten"},"schema":{"@context":"https:\/\/schema.org","@graph":[{"@type":"WebPage","@id":"https:\/\/ecobeam.be\/over-ons\/","url":"https:\/\/ecobeam.be\/over-ons\/","name":"Over ons - EcoBeam","isPartOf":{"@id":"https:\/\/ecobeam.be\/en\/#website"},"primaryImageOfPage":{"@id":"https:\/\/ecobeam.be\/over-ons\/#primaryimage"},"image":{"@id":"https:\/\/ecobeam.be\/over-ons\/#primaryimage"},"thumbnailUrl":"https:\/\/ecobeam.be\/wp-content\/uploads\/2024\/09\/Vector-30.svg","datePublished":"2024-10-01T09:39:12+00:00","dateModified":"2024-10-01T10:59:32+00:00","breadcrumb":{"@id":"https:\/\/ecobeam.be\/over-ons\/#breadcrumb"},"inLanguage":"nl-NL","potentialAction":[{"@type":"ReadAction","target":["https:\/\/ecobeam.be\/over-ons\/"]}]},{"@type":"ImageObject","inLanguage":"nl-NL","@id":"https:\/\/ecobeam.be\/over-ons\/#primaryimage","url":"https:\/\/ecobeam.be\/wp-content\/uploads\/2024\/09\/Vector-30.svg","contentUrl":"https:\/\/ecobeam.be\/wp-content\/uploads\/2024\/09\/Vector-30.svg"},{"@type":"BreadcrumbList","@id":"https:\/\/ecobeam.be\/over-ons\/#breadcrumb","itemListElement":[{"@type":"ListItem","position":1,"name":"Home","item":"https:\/\/ecobeam.be\/"},{"@type":"ListItem","position":2,"name":"Over ons"}]},{"@type":"WebSite","@id":"https:\/\/ecobeam.be\/en\/#website","url":"https:\/\/ecobeam.be\/en\/","name":"EcoBeam","description":"Energiebesparende oplossing voor jouw organisatie","publisher":{"@id":"https:\/\/ecobeam.be\/en\/#organization"},"potentialAction":[{"@type":"SearchAction","target":{"@type":"EntryPoint","urlTemplate":"https:\/\/ecobeam.be\/en\/?s={search_term_string}"},"query-input":{"@type":"PropertyValueSpecification","valueRequired":true,"valueName":"search_term_string"}}],"inLanguage":"nl-NL"},{"@type":"Organization","@id":"https:\/\/ecobeam.be\/en\/#organization","name":"EcoBeam","url":"https:\/\/ecobeam.be\/en\/","logo":{"@type":"ImageObject","inLanguage":"nl-NL","@id":"https:\/\/ecobeam.be\/en\/#\/schema\/logo\/image\/","url":"https:\/\/ecobeam.be\/wp-content\/uploads\/2024\/09\/Laag-1.svg","contentUrl":"https:\/\/ecobeam.be\/wp-content\/uploads\/2024\/09\/Laag-1.svg","width":192,"height":38,"caption":"EcoBeam"},"image":{"@id":"https:\/\/ecobeam.be\/en\/#\/schema\/logo\/image\/"},"sameAs":["https:\/\/www.linkedin.com\/company\/ecobeam"]}]}},"_links":{"self":[{"href":"https:\/\/ecobeam.be\/nl\/wp-json\/wp\/v2\/pages\/2999","targetHints":{"allow":["GET"]}}],"collection":[{"href":"https:\/\/ecobeam.be\/nl\/wp-json\/wp\/v2\/pages"}],"about":[{"href":"https:\/\/ecobeam.be\/nl\/wp-json\/wp\/v2\/types\/page"}],"author":[{"embeddable":true,"href":"https:\/\/ecobeam.be\/nl\/wp-json\/wp\/v2\/users\/1"}],"replies":[{"embeddable":true,"href":"https:\/\/ecobeam.be\/nl\/wp-json\/wp\/v2\/comments?post=2999"}],"version-history":[{"count":43,"href":"https:\/\/ecobeam.be\/nl\/wp-json\/wp\/v2\/pages\/2999\/revisions"}],"predecessor-version":[{"id":3043,"href":"https:\/\/ecobeam.be\/nl\/wp-json\/wp\/v2\/pages\/2999\/revisions\/3043"}],"wp:attachment":[{"href":"https:\/\/ecobeam.be\/nl\/wp-json\/wp\/v2\/media?parent=2999"}],"curies":[{"name":"wp","href":"https:\/\/api.w.org\/{rel}","templated":true}]}}